{"id":14366,"date":"2023-06-07T09:04:17","date_gmt":"2023-06-07T09:04:17","guid":{"rendered":"https:\/\/www.inter-med.it\/?page_id=14366"},"modified":"2023-12-04T08:27:06","modified_gmt":"2023-12-04T08:27:06","slug":"storia","status":"publish","type":"page","link":"https:\/\/www.inter-med.it\/it\/storia\/","title":{"rendered":"Storia"},"content":{"rendered":"<p>[et_pb_section fb_built=&#8221;1&#8243; fullwidth=&#8221;on&#8221; custom_padding_last_edited=&#8221;on|tablet&#8221; _builder_version=&#8221;4.21.0&#8243; _module_preset=&#8221;default&#8221; background_color=&#8221;#6093AC&#8221; background_image=&#8221;https:\/\/www.inter-med.it\/wp-content\/uploads\/2023\/06\/intermedical-bkg-sfocato.png&#8221; background_position=&#8221;top_center&#8221; background_vertical_offset=&#8221;20%&#8221; background_blend=&#8221;soft-light&#8221; custom_padding=&#8221;8vw||4vw||false|false&#8221; custom_padding_tablet=&#8221;16vw||||false|false&#8221; custom_padding_phone=&#8221;16vw||||false|false&#8221; da_disable_devices=&#8221;off|off|off&#8221; border_width_bottom=&#8221;1px&#8221; border_color_bottom=&#8221;rgba(0,0,0,0.1)&#8221; locked=&#8221;off&#8221; global_colors_info=&#8221;{}&#8221; da_is_popup=&#8221;off&#8221; da_exit_intent=&#8221;off&#8221; da_has_close=&#8221;on&#8221; da_alt_close=&#8221;off&#8221; da_dark_close=&#8221;off&#8221; da_not_modal=&#8221;on&#8221; da_is_singular=&#8221;off&#8221; da_with_loader=&#8221;off&#8221; da_has_shadow=&#8221;on&#8221;][et_pb_fullwidth_header title=&#8221;@ET-DC@eyJkeW5hbWljIjp0cnVlLCJjb250ZW50IjoicG9zdF90aXRsZSIsInNldHRpbmdzIjp7ImJlZm9yZSI6IiIsImFmdGVyIjoiIn19@&#8221; _builder_version=&#8221;4.16&#8243; _dynamic_attributes=&#8221;title&#8221; _module_preset=&#8221;default&#8221; title_font=&#8221;|||on|||||&#8221; title_text_color=&#8221;#FFFFFF&#8221; title_font_size=&#8221;45px&#8221; background_enable_color=&#8221;off&#8221; custom_padding=&#8221;0px||0px||true|false&#8221; global_colors_info=&#8221;{}&#8221;][\/et_pb_fullwidth_header][\/et_pb_section][et_pb_section fb_built=&#8221;1&#8243; _builder_version=&#8221;4.16&#8243; custom_padding=&#8221;||||false|false&#8221; da_disable_devices=&#8221;off|off|off&#8221; border_width_bottom=&#8221;1px&#8221; border_color_bottom=&#8221;rgba(0,0,0,0.1)&#8221; global_colors_info=&#8221;{}&#8221; da_is_popup=&#8221;off&#8221; da_exit_intent=&#8221;off&#8221; da_has_close=&#8221;on&#8221; da_alt_close=&#8221;off&#8221; da_dark_close=&#8221;off&#8221; da_not_modal=&#8221;on&#8221; da_is_singular=&#8221;off&#8221; da_with_loader=&#8221;off&#8221; da_has_shadow=&#8221;on&#8221;][et_pb_row column_structure=&#8221;1_4,3_4&#8243; _builder_version=&#8221;4.16&#8243; custom_padding=&#8221;27px|0px|19px|0px|false|false&#8221; animation_style=&#8221;slide&#8221; animation_duration=&#8221;1500ms&#8221; animation_delay=&#8221;500ms&#8221; global_colors_info=&#8221;{}&#8221;][et_pb_column type=&#8221;1_4&#8243; _builder_version=&#8221;4.16&#8243; custom_padding=&#8221;|||&#8221; global_colors_info=&#8221;{}&#8221; custom_padding__hover=&#8221;|||&#8221;][et_pb_text _builder_version=&#8221;4.23&#8243; text_font=&#8221;|700||on|||||&#8221; text_text_color=&#8221;#6093AC&#8221; text_font_size=&#8221;30px&#8221; custom_padding=&#8221;14px|||&#8221; global_colors_info=&#8221;{}&#8221;]I motivi del nostro successo[\/et_pb_text][\/et_pb_column][et_pb_column type=&#8221;3_4&#8243; _builder_version=&#8221;4.16&#8243; custom_padding=&#8221;|||&#8221; global_colors_info=&#8221;{}&#8221; custom_padding__hover=&#8221;|||&#8221;][et_pb_text _builder_version=&#8221;4.23&#8243; text_font=&#8221;Rajdhani||||||||&#8221; text_text_color=&#8221;#000000&#8243; text_font_size=&#8221;16px&#8221; text_line_height=&#8221;1.8em&#8221; max_width_phone=&#8221;98%&#8221; max_width_last_edited=&#8221;off|desktop&#8221; custom_padding=&#8221;|||32px&#8221; border_width_left=&#8221;4px&#8221; border_color_left=&#8221;#6093AC&#8221; global_colors_info=&#8221;{%22gcid-c072e190-a23d-4e75-b7cf-4fb084cb4b4e%22:%91%22border_color_left%22%93}&#8221;]Grazie all&#8217;integrazione verticale della nostra catena di valore, tutti i componenti principali delle nostre apparecchiature sono prodotte all&#8217;interno del nostro Gruppo: monoblocchi, generatori, elettroniche e software. Poche aziende possono, oggigiorno, offrire tali peculiarit\u00e0. Tutto ci\u00f2 ci garantisce un enorme vantaggio dal punto di vista dell&#8217;affidabilit\u00e0 e in termini di prezzi.[\/et_pb_text][\/et_pb_column][\/et_pb_row][\/et_pb_section][et_pb_section fb_built=&#8221;1&#8243; _builder_version=&#8221;4.21.0&#8243; _module_preset=&#8221;default&#8221; da_disable_devices=&#8221;off|off|off&#8221; border_width_bottom=&#8221;1px&#8221; border_color_bottom=&#8221;rgba(0,0,0,0.1)&#8221; global_colors_info=&#8221;{}&#8221; da_is_popup=&#8221;off&#8221; da_exit_intent=&#8221;off&#8221; da_has_close=&#8221;on&#8221; da_alt_close=&#8221;off&#8221; da_dark_close=&#8221;off&#8221; da_not_modal=&#8221;on&#8221; da_is_singular=&#8221;off&#8221; da_with_loader=&#8221;off&#8221; da_has_shadow=&#8221;on&#8221;][et_pb_row use_custom_gutter=&#8221;on&#8221; gutter_width=&#8221;2&#8243; disabled_on=&#8221;on|on|on&#8221; _builder_version=&#8221;4.21.0&#8243; _module_preset=&#8221;default&#8221; animation_style=&#8221;slide&#8221; animation_direction=&#8221;left&#8221; animation_duration=&#8221;1500ms&#8221; animation_delay=&#8221;500ms&#8221; disabled=&#8221;on&#8221; global_colors_info=&#8221;{}&#8221;][et_pb_column type=&#8221;4_4&#8243; _builder_version=&#8221;4.16&#8243; _module_preset=&#8221;default&#8221; global_colors_info=&#8221;{}&#8221;][et_pb_code _builder_version=&#8221;4.17.4&#8243; _module_preset=&#8221;default&#8221; global_colors_info=&#8221;{}&#8221;][th-slider category=&#8221;25&#8243; design=&#8221;design-2&#8243; dots=&#8221;\u201dfalse\u201d&#8221; centermode=&#8221;true&#8221; autoplay=&#8221;false&#8221;][\/et_pb_code][\/et_pb_column][\/et_pb_row][et_pb_row _builder_version=&#8221;4.21.0&#8243; _module_preset=&#8221;default&#8221; global_colors_info=&#8221;{}&#8221;][et_pb_column type=&#8221;4_4&#8243; _builder_version=&#8221;4.21.0&#8243; _module_preset=&#8221;default&#8221; global_colors_info=&#8221;{}&#8221;][dsm_content_timeline dsm_card_arrow=&#8221;on&#8221; dsm_tree_animation=&#8221;on&#8221; dsm_pointer_bg_color=&#8221;#666666&#8243; dsm_pointer_active_bg_color=&#8221;#6093AC&#8221; dsm_tree_bg_color=&#8221;#666666&#8243; dsm_tree_active_bg_color=&#8221;#6093AC&#8221; _builder_version=&#8221;4.23&#8243; _module_preset=&#8221;default&#8221; header_level=&#8221;h3&#8243; header_font_size=&#8221;23px&#8221; content_font_size=&#8221;16px&#8221; hover_enabled=&#8221;0&#8243; global_colors_info=&#8221;{}&#8221; sticky_enabled=&#8221;0&#8243;][dsm_content_timeline_child dsm_use_icon_image=&#8221;off&#8221; dsm_title=&#8221;1998&#8243; dsm_content=&#8221;NASCITA DI IMD International Medical Devices S.p.A. grazie alla fusione di due aziende, presenti nel mercato sin dagli anni Ottanta: Italix Ray, specializzata nella produzione e vendita di Archi a &#8216;C&#8217; mobili ed Eurotec, specializzata nella produzione e vendita di monoblocchi RX ad alta frequenza.<br \/>\nObiettivo: lavorare su base O.E.M. per creare un network di distributori in esclusiva a livello mondiale.&#8221; _builder_version=&#8221;4.23&#8243; _module_preset=&#8221;default&#8221; global_colors_info=&#8221;{}&#8221; parent_header_level=&#8221;h3&#8243;][\/dsm_content_timeline_child][dsm_content_timeline_child dsm_use_icon_image=&#8221;off&#8221; dsm_title=&#8221;2001&#8243; dsm_content=&#8221;IMD apre un ufficio a Pechino in Cina: nascita del marchio INTERMEDICAL&#8221; _builder_version=&#8221;4.23&#8243; _module_preset=&#8221;default&#8221; hover_enabled=&#8221;0&#8243; global_colors_info=&#8221;{}&#8221; parent_header_level=&#8221;h3&#8243; sticky_enabled=&#8221;0&#8243;][\/dsm_content_timeline_child][dsm_content_timeline_child dsm_use_icon_image=&#8221;off&#8221; dsm_title=&#8221;2002&#8243; dsm_content=&#8221;IMD apre un ufficio a Bangalore in India&#8221; _builder_version=&#8221;4.23&#8243; _module_preset=&#8221;default&#8221; hover_enabled=&#8221;0&#8243; global_colors_info=&#8221;{}&#8221; parent_header_level=&#8221;h3&#8243; sticky_enabled=&#8221;0&#8243;][\/dsm_content_timeline_child][dsm_content_timeline_child dsm_use_icon_image=&#8221;off&#8221; dsm_title=&#8221;2004&#8243; dsm_content=&#8221;Il network mondiale viene consolidato. IMD inizia a vendere direttamente in tutto il mondo&#8221; _builder_version=&#8221;4.23&#8243; _module_preset=&#8221;default&#8221; hover_enabled=&#8221;0&#8243; global_colors_info=&#8221;{}&#8221; parent_header_level=&#8221;h3&#8243; sticky_enabled=&#8221;0&#8243;][\/dsm_content_timeline_child][dsm_content_timeline_child dsm_use_icon_image=&#8221;off&#8221; dsm_title=&#8221;2005&#8243; dsm_content=&#8221;La clinica mobile del MOTO GP acquisisce uno dei nostri sistemi RX.&#8221; _builder_version=&#8221;4.23&#8243; _module_preset=&#8221;default&#8221; hover_enabled=&#8221;0&#8243; global_colors_info=&#8221;{}&#8221; parent_header_level=&#8221;h3&#8243; sticky_enabled=&#8221;0&#8243;][\/dsm_content_timeline_child][dsm_content_timeline_child dsm_use_icon_image=&#8221;off&#8221; dsm_title=&#8221;2007&#8243; dsm_content=&#8221;Il network di distributori inizia a promuovere il marchio INTERMEDICAL in ogni Paese.<br \/>\nIMD gestisce unicamente i clienti O.E.M.<br \/>\nUna volta creata la rete mondiale, lo scopo \u00e8 di trovare un posizionamento nel mercato.<br \/>\nIl Reparto Ricerca e Sviluppo viene potenziato per creare nuovi prodotti e tecnologie.&#8221; _builder_version=&#8221;4.23&#8243; _module_preset=&#8221;default&#8221; hover_enabled=&#8221;0&#8243; global_colors_info=&#8221;{}&#8221; parent_header_level=&#8221;h3&#8243; sticky_enabled=&#8221;0&#8243;][\/dsm_content_timeline_child][dsm_content_timeline_child dsm_use_icon_image=&#8221;off&#8221; dsm_title=&#8221;2008&#8243; dsm_content=&#8221;IMD ha registrato un fatturato elevato.<br \/>\nIMD SPA viene acquisita dal %22Gruppo Aliberti%22.<br \/>\nIMD rimane come Holding trasferendo e dividendo l&#8217;attivit\u00e0 produttiva in due rami principali: Intermedical S.r.l., dedicata alla produzione e vendita di Apparecchiature RX, e, IMD Generators S.r.l. (AEM inclusa), dedicata alla produzione e vendita di generatori RX e monoblocchi, non solo per il Gruppo ma anche per la maggior parte dei produttori di apparecchi RX.<br \/>\nIMD CHINA non appartiene pi\u00f9 al Gruppo IMD.&#8221; _builder_version=&#8221;4.23&#8243; _module_preset=&#8221;default&#8221; hover_enabled=&#8221;0&#8243; global_colors_info=&#8221;{}&#8221; parent_header_level=&#8221;h3&#8243; sticky_enabled=&#8221;0&#8243;][\/dsm_content_timeline_child][dsm_content_timeline_child dsm_use_icon_image=&#8221;off&#8221; dsm_title=&#8221;2010&#8243; dsm_content=&#8221;INTERMEDICAL acquisisce SIAS, storica azienda italiana, specializzata nella produzione di Archi a &#8216;C&#8217; di potenza elevata per cardiologia, tavoli angiografici e iniettori. In questo modo Intermedical dispone di una gamma completa di Archi a &#8216;C&#8217; presenti nel mercato per ogni tipo di applicazione.&#8221; _builder_version=&#8221;4.23&#8243; _module_preset=&#8221;default&#8221; hover_enabled=&#8221;0&#8243; global_colors_info=&#8221;{}&#8221; parent_header_level=&#8221;h3&#8243; sticky_enabled=&#8221;0&#8243;][\/dsm_content_timeline_child][dsm_content_timeline_child dsm_use_icon_image=&#8221;off&#8221; dsm_title=&#8221;2010\/2011&#8243; dsm_content=&#8221;IMD Generators S.r.l. acquisisce la PSM (suo concorrente principale): nasce in questo modo la pi\u00f9 grande Azienda Italiana produttrice di Generatori RX e Monoblocchi.&#8221; _builder_version=&#8221;4.23&#8243; _module_preset=&#8221;default&#8221; hover_enabled=&#8221;0&#8243; global_colors_info=&#8221;{}&#8221; parent_header_level=&#8221;h3&#8243; sticky_enabled=&#8221;0&#8243;][\/dsm_content_timeline_child][dsm_content_timeline_child dsm_use_icon_image=&#8221;off&#8221; dsm_title=&#8221;OGGIGIORNO&#8221; dsm_content=&#8221;Il Gruppo \u00e8 una delle realt\u00e0 Italiane pi\u00f9 grandi oltre che una delle prime realt\u00e0 Europee. La catena di valore viene in questo modo notevolmente integrata.&#8221; _builder_version=&#8221;4.23&#8243; _module_preset=&#8221;default&#8221; hover_enabled=&#8221;0&#8243; global_colors_info=&#8221;{}&#8221; parent_header_level=&#8221;h3&#8243; sticky_enabled=&#8221;0&#8243;][\/dsm_content_timeline_child][\/dsm_content_timeline][\/et_pb_column][\/et_pb_row][\/et_pb_section]<\/p>\n","protected":false},"excerpt":{"rendered":"<p>I motivi del nostro successoGrazie all&#8217;integrazione verticale della nostra catena di valore, tutti i componenti principali delle nostre apparecchiature sono prodotte all&#8217;interno del nostro Gruppo: monoblocchi, generatori, elettroniche e software. Poche aziende possono, oggigiorno, offrire tali peculiarit\u00e0. Tutto ci\u00f2 ci garantisce un enorme vantaggio dal punto di vista dell&#8217;affidabilit\u00e0 e in termini di prezzi.[th-slider category=&#8221;25&#8243; [&hellip;]<\/p>\n","protected":false},"author":1,"featured_media":0,"parent":0,"menu_order":0,"comment_status":"closed","ping_status":"closed","template":"","meta":{"_et_pb_use_builder":"on","_et_pb_old_content":"","_et_gb_content_width":"","footnotes":""},"categories":[],"tags":[],"class_list":["post-14366","page","type-page","status-publish","hentry"],"yoast_head":"<!-- This site is optimized with the Yoast SEO plugin v21.7 - https:\/\/yoast.com\/wordpress\/plugins\/seo\/ -->\n<title>Storia - INTERMEDICAL<\/title>\n<meta name=\"robots\" content=\"index, follow, max-snippet:-1, max-image-preview:large, max-video-preview:-1\" \/>\n<link rel=\"canonical\" href=\"https:\/\/www.inter-med.it\/it\/storia\/\" \/>\n<meta property=\"og:locale\" content=\"it_IT\" \/>\n<meta property=\"og:type\" content=\"article\" \/>\n<meta property=\"og:title\" content=\"Storia - INTERMEDICAL\" \/>\n<meta property=\"og:description\" content=\"I motivi del nostro successoGrazie all&#039;integrazione verticale della nostra catena di valore, tutti i componenti principali delle nostre apparecchiature sono prodotte all&#039;interno del nostro Gruppo: monoblocchi, generatori, elettroniche e software. Poche aziende possono, oggigiorno, offrire tali peculiarit\u00e0. Tutto ci\u00f2 ci garantisce un enorme vantaggio dal punto di vista dell&#039;affidabilit\u00e0 e in termini di prezzi.[th-slider category=&quot;25&quot; [&hellip;]\" \/>\n<meta property=\"og:url\" content=\"https:\/\/www.inter-med.it\/it\/storia\/\" \/>\n<meta property=\"og:site_name\" content=\"INTERMEDICAL\" \/>\n<meta property=\"article:modified_time\" content=\"2023-12-04T08:27:06+00:00\" \/>\n<meta name=\"twitter:card\" content=\"summary_large_image\" \/>\n<meta name=\"twitter:label1\" content=\"Tempo di lettura stimato\" \/>\n\t<meta name=\"twitter:data1\" content=\"3 minuti\" \/>\n<script type=\"application\/ld+json\" class=\"yoast-schema-graph\">{\"@context\":\"https:\/\/schema.org\",\"@graph\":[{\"@type\":\"WebPage\",\"@id\":\"https:\/\/www.inter-med.it\/it\/storia\/\",\"url\":\"https:\/\/www.inter-med.it\/it\/storia\/\",\"name\":\"Storia - INTERMEDICAL\",\"isPartOf\":{\"@id\":\"https:\/\/www.inter-med.it\/#website\"},\"datePublished\":\"2023-06-07T09:04:17+00:00\",\"dateModified\":\"2023-12-04T08:27:06+00:00\",\"breadcrumb\":{\"@id\":\"https:\/\/www.inter-med.it\/it\/storia\/#breadcrumb\"},\"inLanguage\":\"it-IT\",\"potentialAction\":[{\"@type\":\"ReadAction\",\"target\":[\"https:\/\/www.inter-med.it\/it\/storia\/\"]}]},{\"@type\":\"BreadcrumbList\",\"@id\":\"https:\/\/www.inter-med.it\/it\/storia\/#breadcrumb\",\"itemListElement\":[{\"@type\":\"ListItem\",\"position\":1,\"name\":\"Home\",\"item\":\"https:\/\/www.inter-med.it\/it\/\"},{\"@type\":\"ListItem\",\"position\":2,\"name\":\"Storia\"}]},{\"@type\":\"WebSite\",\"@id\":\"https:\/\/www.inter-med.it\/#website\",\"url\":\"https:\/\/www.inter-med.it\/\",\"name\":\"INTERMEDICAL\",\"description\":\"X-ray medical equipment\",\"potentialAction\":[{\"@type\":\"SearchAction\",\"target\":{\"@type\":\"EntryPoint\",\"urlTemplate\":\"https:\/\/www.inter-med.it\/?s={search_term_string}\"},\"query-input\":\"required name=search_term_string\"}],\"inLanguage\":\"it-IT\"}]}<\/script>\n<!-- \/ Yoast SEO plugin. -->","yoast_head_json":{"title":"Storia - INTERMEDICAL","robots":{"index":"index","follow":"follow","max-snippet":"max-snippet:-1","max-image-preview":"max-image-preview:large","max-video-preview":"max-video-preview:-1"},"canonical":"https:\/\/www.inter-med.it\/it\/storia\/","og_locale":"it_IT","og_type":"article","og_title":"Storia - INTERMEDICAL","og_description":"I motivi del nostro successoGrazie all'integrazione verticale della nostra catena di valore, tutti i componenti principali delle nostre apparecchiature sono prodotte all'interno del nostro Gruppo: monoblocchi, generatori, elettroniche e software. Poche aziende possono, oggigiorno, offrire tali peculiarit\u00e0. Tutto ci\u00f2 ci garantisce un enorme vantaggio dal punto di vista dell'affidabilit\u00e0 e in termini di prezzi.[th-slider category=\"25\" [&hellip;]","og_url":"https:\/\/www.inter-med.it\/it\/storia\/","og_site_name":"INTERMEDICAL","article_modified_time":"2023-12-04T08:27:06+00:00","twitter_card":"summary_large_image","twitter_misc":{"Tempo di lettura stimato":"3 minuti"},"schema":{"@context":"https:\/\/schema.org","@graph":[{"@type":"WebPage","@id":"https:\/\/www.inter-med.it\/it\/storia\/","url":"https:\/\/www.inter-med.it\/it\/storia\/","name":"Storia - INTERMEDICAL","isPartOf":{"@id":"https:\/\/www.inter-med.it\/#website"},"datePublished":"2023-06-07T09:04:17+00:00","dateModified":"2023-12-04T08:27:06+00:00","breadcrumb":{"@id":"https:\/\/www.inter-med.it\/it\/storia\/#breadcrumb"},"inLanguage":"it-IT","potentialAction":[{"@type":"ReadAction","target":["https:\/\/www.inter-med.it\/it\/storia\/"]}]},{"@type":"BreadcrumbList","@id":"https:\/\/www.inter-med.it\/it\/storia\/#breadcrumb","itemListElement":[{"@type":"ListItem","position":1,"name":"Home","item":"https:\/\/www.inter-med.it\/it\/"},{"@type":"ListItem","position":2,"name":"Storia"}]},{"@type":"WebSite","@id":"https:\/\/www.inter-med.it\/#website","url":"https:\/\/www.inter-med.it\/","name":"INTERMEDICAL","description":"X-ray medical equipment","potentialAction":[{"@type":"SearchAction","target":{"@type":"EntryPoint","urlTemplate":"https:\/\/www.inter-med.it\/?s={search_term_string}"},"query-input":"required name=search_term_string"}],"inLanguage":"it-IT"}]}},"_links":{"self":[{"href":"https:\/\/www.inter-med.it\/it\/wp-json\/wp\/v2\/pages\/14366"}],"collection":[{"href":"https:\/\/www.inter-med.it\/it\/wp-json\/wp\/v2\/pages"}],"about":[{"href":"https:\/\/www.inter-med.it\/it\/wp-json\/wp\/v2\/types\/page"}],"author":[{"embeddable":true,"href":"https:\/\/www.inter-med.it\/it\/wp-json\/wp\/v2\/users\/1"}],"replies":[{"embeddable":true,"href":"https:\/\/www.inter-med.it\/it\/wp-json\/wp\/v2\/comments?post=14366"}],"version-history":[{"count":2,"href":"https:\/\/www.inter-med.it\/it\/wp-json\/wp\/v2\/pages\/14366\/revisions"}],"predecessor-version":[{"id":14371,"href":"https:\/\/www.inter-med.it\/it\/wp-json\/wp\/v2\/pages\/14366\/revisions\/14371"}],"wp:attachment":[{"href":"https:\/\/www.inter-med.it\/it\/wp-json\/wp\/v2\/media?parent=14366"}],"wp:term":[{"taxonomy":"category","embeddable":true,"href":"https:\/\/www.inter-med.it\/it\/wp-json\/wp\/v2\/categories?post=14366"},{"taxonomy":"post_tag","embeddable":true,"href":"https:\/\/www.inter-med.it\/it\/wp-json\/wp\/v2\/tags?post=14366"}],"curies":[{"name":"wp","href":"https:\/\/api.w.org\/{rel}","templated":true}]}}