{"id":14365,"date":"2021-12-06T09:03:04","date_gmt":"2021-12-06T09:03:04","guid":{"rendered":"https:\/\/www.inter-med.it\/?page_id=14365"},"modified":"2023-12-04T08:24:22","modified_gmt":"2023-12-04T08:24:22","slug":"chi-siamo","status":"publish","type":"page","link":"https:\/\/www.inter-med.it\/it\/azienda\/chi-siamo\/","title":{"rendered":"Chi siamo"},"content":{"rendered":"<p>[et_pb_section fb_built=&#8221;1&#8243; fullwidth=&#8221;on&#8221; custom_padding_last_edited=&#8221;on|tablet&#8221; _builder_version=&#8221;4.21.0&#8243; _module_preset=&#8221;default&#8221; background_color=&#8221;#6093AC&#8221; background_image=&#8221;https:\/\/www.inter-med.it\/wp-content\/uploads\/2023\/06\/intermedical-bkg-sfocato.png&#8221; background_position=&#8221;top_center&#8221; background_vertical_offset=&#8221;20%&#8221; background_blend=&#8221;soft-light&#8221; custom_padding=&#8221;8vw||4vw||false|false&#8221; custom_padding_tablet=&#8221;16vw||||false|false&#8221; custom_padding_phone=&#8221;16vw||||false|false&#8221; da_disable_devices=&#8221;off|off|off&#8221; border_width_bottom=&#8221;1px&#8221; border_color_bottom=&#8221;rgba(0,0,0,0.1)&#8221; locked=&#8221;off&#8221; global_colors_info=&#8221;{}&#8221; da_is_popup=&#8221;off&#8221; da_exit_intent=&#8221;off&#8221; da_has_close=&#8221;on&#8221; da_alt_close=&#8221;off&#8221; da_dark_close=&#8221;off&#8221; da_not_modal=&#8221;on&#8221; da_is_singular=&#8221;off&#8221; da_with_loader=&#8221;off&#8221; da_has_shadow=&#8221;on&#8221;][et_pb_fullwidth_header title=&#8221;@ET-DC@eyJkeW5hbWljIjp0cnVlLCJjb250ZW50IjoicG9zdF90aXRsZSIsInNldHRpbmdzIjp7ImJlZm9yZSI6IiIsImFmdGVyIjoiIn19@&#8221; _builder_version=&#8221;4.16&#8243; _dynamic_attributes=&#8221;title&#8221; _module_preset=&#8221;default&#8221; title_font=&#8221;|||on|||||&#8221; title_text_color=&#8221;#FFFFFF&#8221; title_font_size=&#8221;45px&#8221; background_enable_color=&#8221;off&#8221; custom_padding=&#8221;0px||0px||true|false&#8221; global_colors_info=&#8221;{}&#8221;][\/et_pb_fullwidth_header][\/et_pb_section][et_pb_section fb_built=&#8221;1&#8243; _builder_version=&#8221;4.16&#8243; custom_padding=&#8221;||||false|false&#8221; da_disable_devices=&#8221;off|off|off&#8221; border_width_bottom=&#8221;1px&#8221; border_color_bottom=&#8221;rgba(0,0,0,0.1)&#8221; global_colors_info=&#8221;{}&#8221; da_is_popup=&#8221;off&#8221; da_exit_intent=&#8221;off&#8221; da_has_close=&#8221;on&#8221; da_alt_close=&#8221;off&#8221; da_dark_close=&#8221;off&#8221; da_not_modal=&#8221;on&#8221; da_is_singular=&#8221;off&#8221; da_with_loader=&#8221;off&#8221; da_has_shadow=&#8221;on&#8221;][et_pb_row column_structure=&#8221;1_4,3_4&#8243; _builder_version=&#8221;4.16&#8243; custom_padding=&#8221;27px|0px|19px|0px|false|false&#8221; animation_style=&#8221;slide&#8221; animation_duration=&#8221;1500ms&#8221; animation_delay=&#8221;500ms&#8221; global_colors_info=&#8221;{}&#8221;][et_pb_column type=&#8221;1_4&#8243; _builder_version=&#8221;4.16&#8243; custom_padding=&#8221;|||&#8221; global_colors_info=&#8221;{}&#8221; custom_padding__hover=&#8221;|||&#8221;][et_pb_text _builder_version=&#8221;4.23&#8243; text_font=&#8221;|700||on|||||&#8221; text_text_color=&#8221;#6093AC&#8221; text_font_size=&#8221;30px&#8221; custom_padding=&#8221;14px|||&#8221; global_colors_info=&#8221;{}&#8221;]Azienda[\/et_pb_text][\/et_pb_column][et_pb_column type=&#8221;3_4&#8243; _builder_version=&#8221;4.16&#8243; custom_padding=&#8221;|||&#8221; global_colors_info=&#8221;{}&#8221; custom_padding__hover=&#8221;|||&#8221;][et_pb_text _builder_version=&#8221;4.23&#8243; text_font=&#8221;Rajdhani||||||||&#8221; text_text_color=&#8221;#000000&#8243; text_font_size=&#8221;16px&#8221; text_line_height=&#8221;1.8em&#8221; max_width_phone=&#8221;98%&#8221; max_width_last_edited=&#8221;off|desktop&#8221; custom_padding=&#8221;|||32px&#8221; border_width_left=&#8221;4px&#8221; border_color_left=&#8221;#6093AC&#8221; global_colors_info=&#8221;{%22gcid-c072e190-a23d-4e75-b7cf-4fb084cb4b4e%22:%91%22border_color_left%22%93}&#8221;]INTERMEDICAL S.r.l. appartiene al gruppo I.M.D., creatosi dall&#8217;unione di due aziende presenti nel mercato da pi\u00f9 di venti anni, beneficiando della loro esperienza e conoscenza nel campo della Radiologia. INTERMEDICAL distribuisce le proprie apparecchiature, sviluppate e prodotte in ITALIA ricercando le soluzioni tecnologiche pi\u00f9 innovative, grazie ad una rete capillare di distribuzione internazionale.  Si avvale delle seguenti certificazioni: ISO 9001:2015 (CSQ) e EN ISO 13485: 2016 (CSQ-MED). Inoltre il rispetto degli standard di prodotto viene garantito dal marchio CE, rilasciato dall&#8217;Ente Notificato IMQ. Il successo e l&#8217;affidabilit\u00e0 di INTERMEDICAL sono garantiti dalla sua capacit\u00e0 produttiva, dalle vendite e dall&#8217;assistenza forniti.<br \/>\nGrazie all&#8217;integrazione verticale della nostra catena di valore, tutti i componenti principali delle nostre apparecchiature sono prodotte all&#8217;interno del nostro Gruppo: monoblocchi, generatori, elettroniche e software. Poche aziende possono, oggigiorno, offrire tali peculiarit\u00e0. Tutto ci\u00f2 ci garantisce un enorme vantaggio dal punto di vista dell&#8217;affidabilit\u00e0 e in termini di prezzi.[\/et_pb_text][et_pb_video src=&#8221;https:\/\/www.youtube.com\/watch?v=QyMO6GUmgFw&#8221; image_src=&#8221;https:\/\/www.inter-med.it\/wp-content\/uploads\/2023\/06\/intermedical-bkg-sfocato.png&#8221; _builder_version=&#8221;4.21.0&#8243; _module_preset=&#8221;default&#8221; locked=&#8221;off&#8221; global_colors_info=&#8221;{}&#8221;][\/et_pb_video][\/et_pb_column][\/et_pb_row][\/et_pb_section][et_pb_section fb_built=&#8221;1&#8243; _builder_version=&#8221;4.21.0&#8243; _module_preset=&#8221;default&#8221; da_disable_devices=&#8221;off|off|off&#8221; border_width_bottom=&#8221;1px&#8221; border_color_bottom=&#8221;rgba(0,0,0,0.1)&#8221; global_colors_info=&#8221;{}&#8221; da_is_popup=&#8221;off&#8221; da_exit_intent=&#8221;off&#8221; da_has_close=&#8221;on&#8221; da_alt_close=&#8221;off&#8221; da_dark_close=&#8221;off&#8221; da_not_modal=&#8221;on&#8221; da_is_singular=&#8221;off&#8221; da_with_loader=&#8221;off&#8221; da_has_shadow=&#8221;on&#8221;][et_pb_row column_structure=&#8221;1_4,3_4&#8243; _builder_version=&#8221;4.16&#8243; custom_padding=&#8221;27px|0px|19px|0px|false|false&#8221; animation_style=&#8221;slide&#8221; animation_duration=&#8221;1500ms&#8221; animation_delay=&#8221;500ms&#8221; global_colors_info=&#8221;{}&#8221;][et_pb_column type=&#8221;1_4&#8243; _builder_version=&#8221;4.16&#8243; custom_padding=&#8221;|||&#8221; global_colors_info=&#8221;{}&#8221; custom_padding__hover=&#8221;|||&#8221;][et_pb_text _builder_version=&#8221;4.23&#8243; text_font=&#8221;|700||on|||||&#8221; text_text_color=&#8221;#6093AC&#8221; text_font_size=&#8221;30px&#8221; custom_padding=&#8221;14px|||&#8221; global_colors_info=&#8221;{}&#8221;]Mission[\/et_pb_text][\/et_pb_column][et_pb_column type=&#8221;3_4&#8243; _builder_version=&#8221;4.16&#8243; custom_padding=&#8221;|||&#8221; global_colors_info=&#8221;{}&#8221; custom_padding__hover=&#8221;|||&#8221;][et_pb_text _builder_version=&#8221;4.23&#8243; text_font=&#8221;Rajdhani||||||||&#8221; text_text_color=&#8221;#000000&#8243; text_font_size=&#8221;16px&#8221; text_line_height=&#8221;1.8em&#8221; max_width_phone=&#8221;98%&#8221; max_width_last_edited=&#8221;off|desktop&#8221; custom_padding=&#8221;|||32px&#8221; border_width_left=&#8221;4px&#8221; border_color_left=&#8221;#6093AC&#8221; global_colors_info=&#8221;{%22gcid-c072e190-a23d-4e75-b7cf-4fb084cb4b4e%22:%91%22border_color_left%22%93}&#8221;]<\/p>\n<p>INTERMEDICAL, societ\u00e0 leader nella produzione di apparecchiature medicali radiologiche, offre una vasta gamma di sistemi d&#8217;immagine mobili.<\/p>\n<p>I nostri obiettivi sono:<\/p>\n<ul>\n<li>Creare valore per i nostri distributori in termini di affidabilit\u00e0 e qualit\u00e0 ad un prezzo contenuto<\/li>\n<li>Aiutare lo staff medico offrendo soluzioni flessibili e ad hoc e una tecnologia intuitiva<\/li>\n<li>Garantire un supporto continuativo ed affidabile alle cliniche da parte dei nostri partner presenti in tutto il mondo<\/li>\n<li>Focalizzarsi sulla creazione del valore per i nostri distributori<\/li>\n<\/ul>\n<p>Pensiamo di poter condividere &#8220;la qualit\u00e0 della vita italiana&#8221; grazie ai nostri prodotti.<\/p>\n<p>[\/et_pb_text][\/et_pb_column][\/et_pb_row][\/et_pb_section][et_pb_section fb_built=&#8221;1&#8243; _builder_version=&#8221;4.21.0&#8243; background_color=&#8221;#f8f8f8&#8243; background_image=&#8221;https:\/\/www.inter-med.it\/wp-content\/uploads\/2023\/06\/background-image.webp&#8221; custom_padding=&#8221;100px|0px|100px|0px|true|false&#8221; da_disable_devices=&#8221;off|off|off&#8221; border_width_bottom=&#8221;1px&#8221; border_color_bottom=&#8221;rgba(0,0,0,0.1)&#8221; locked=&#8221;off&#8221; global_colors_info=&#8221;{}&#8221; da_is_popup=&#8221;off&#8221; da_exit_intent=&#8221;off&#8221; da_has_close=&#8221;on&#8221; da_alt_close=&#8221;off&#8221; da_dark_close=&#8221;off&#8221; da_not_modal=&#8221;on&#8221; da_is_singular=&#8221;off&#8221; da_with_loader=&#8221;off&#8221; da_has_shadow=&#8221;on&#8221;][et_pb_row column_structure=&#8221;1_4,3_4&#8243; _builder_version=&#8221;4.16&#8243; animation_style=&#8221;slide&#8221; animation_duration=&#8221;1500ms&#8221; animation_delay=&#8221;500ms&#8221; global_colors_info=&#8221;{}&#8221;][et_pb_column type=&#8221;1_4&#8243; _builder_version=&#8221;4.16&#8243; custom_padding=&#8221;|||&#8221; global_colors_info=&#8221;{}&#8221; custom_padding__hover=&#8221;|||&#8221;][et_pb_text _builder_version=&#8221;4.21.0&#8243; text_font=&#8221;|700||on|||||&#8221; text_text_color=&#8221;#6093AC&#8221; text_font_size=&#8221;30px&#8221; custom_margin=&#8221;|-18px||||&#8221; custom_padding=&#8221;14px|||&#8221; global_colors_info=&#8221;{}&#8221;]Vision[\/et_pb_text][\/et_pb_column][et_pb_column type=&#8221;3_4&#8243; _builder_version=&#8221;4.16&#8243; custom_padding=&#8221;|||&#8221; global_colors_info=&#8221;{}&#8221; custom_padding__hover=&#8221;|||&#8221;][et_pb_text _builder_version=&#8221;4.23&#8243; text_font=&#8221;Rajdhani||||||||&#8221; text_text_color=&#8221;#000000&#8243; text_font_size=&#8221;16px&#8221; text_line_height=&#8221;1.8em&#8221; max_width_phone=&#8221;98%&#8221; max_width_last_edited=&#8221;off|tablet&#8221; custom_padding=&#8221;|||32px&#8221; border_width_left=&#8221;4px&#8221; border_color_left=&#8221;#6093AC&#8221; global_colors_info=&#8221;{%22gcid-c072e190-a23d-4e75-b7cf-4fb084cb4b4e%22:%91%22border_color_left%22%93}&#8221;]Essere a livello internazionale la miglior risorsa per ospedali e cliniche, grazie alle notevoli prestazioni, affidabilit\u00e0 e al miglior rapporto qualit\u00e0\/prezzo.[\/et_pb_text][\/et_pb_column][\/et_pb_row][\/et_pb_section]<\/p>\n","protected":false},"excerpt":{"rendered":"<p>AziendaINTERMEDICAL S.r.l. appartiene al gruppo I.M.D., creatosi dall&#8217;unione di due aziende presenti nel mercato da pi\u00f9 di venti anni, beneficiando della loro esperienza e conoscenza nel campo della Radiologia. INTERMEDICAL distribuisce le proprie apparecchiature, sviluppate e prodotte in ITALIA ricercando le soluzioni tecnologiche pi\u00f9 innovative, grazie ad una rete capillare di distribuzione internazionale. Si avvale [&hellip;]<\/p>\n","protected":false},"author":1,"featured_media":0,"parent":14361,"menu_order":0,"comment_status":"closed","ping_status":"closed","template":"","meta":{"_et_pb_use_builder":"on","_et_pb_old_content":"","_et_gb_content_width":"","footnotes":""},"categories":[],"tags":[],"class_list":["post-14365","page","type-page","status-publish","hentry"],"yoast_head":"<!-- This site is optimized with the Yoast SEO plugin v21.7 - https:\/\/yoast.com\/wordpress\/plugins\/seo\/ -->\n<title>Chi siamo - INTERMEDICAL<\/title>\n<meta name=\"robots\" content=\"index, follow, max-snippet:-1, max-image-preview:large, max-video-preview:-1\" \/>\n<link rel=\"canonical\" href=\"https:\/\/www.inter-med.it\/it\/azienda\/chi-siamo\/\" \/>\n<meta property=\"og:locale\" content=\"it_IT\" \/>\n<meta property=\"og:type\" content=\"article\" \/>\n<meta property=\"og:title\" content=\"Chi siamo - INTERMEDICAL\" \/>\n<meta property=\"og:description\" content=\"AziendaINTERMEDICAL S.r.l. appartiene al gruppo I.M.D., creatosi dall&#039;unione di due aziende presenti nel mercato da pi\u00f9 di venti anni, beneficiando della loro esperienza e conoscenza nel campo della Radiologia. INTERMEDICAL distribuisce le proprie apparecchiature, sviluppate e prodotte in ITALIA ricercando le soluzioni tecnologiche pi\u00f9 innovative, grazie ad una rete capillare di distribuzione internazionale. Si avvale [&hellip;]\" \/>\n<meta property=\"og:url\" content=\"https:\/\/www.inter-med.it\/it\/azienda\/chi-siamo\/\" \/>\n<meta property=\"og:site_name\" content=\"INTERMEDICAL\" \/>\n<meta property=\"article:modified_time\" content=\"2023-12-04T08:24:22+00:00\" \/>\n<meta name=\"twitter:card\" content=\"summary_large_image\" \/>\n<meta name=\"twitter:label1\" content=\"Tempo di lettura stimato\" \/>\n\t<meta name=\"twitter:data1\" content=\"3 minuti\" \/>\n<script type=\"application\/ld+json\" class=\"yoast-schema-graph\">{\"@context\":\"https:\/\/schema.org\",\"@graph\":[{\"@type\":\"WebPage\",\"@id\":\"https:\/\/www.inter-med.it\/it\/azienda\/chi-siamo\/\",\"url\":\"https:\/\/www.inter-med.it\/it\/azienda\/chi-siamo\/\",\"name\":\"Chi siamo - INTERMEDICAL\",\"isPartOf\":{\"@id\":\"https:\/\/www.inter-med.it\/#website\"},\"datePublished\":\"2021-12-06T09:03:04+00:00\",\"dateModified\":\"2023-12-04T08:24:22+00:00\",\"breadcrumb\":{\"@id\":\"https:\/\/www.inter-med.it\/it\/azienda\/chi-siamo\/#breadcrumb\"},\"inLanguage\":\"it-IT\",\"potentialAction\":[{\"@type\":\"ReadAction\",\"target\":[\"https:\/\/www.inter-med.it\/it\/azienda\/chi-siamo\/\"]}]},{\"@type\":\"BreadcrumbList\",\"@id\":\"https:\/\/www.inter-med.it\/it\/azienda\/chi-siamo\/#breadcrumb\",\"itemListElement\":[{\"@type\":\"ListItem\",\"position\":1,\"name\":\"Home\",\"item\":\"https:\/\/www.inter-med.it\/it\/\"},{\"@type\":\"ListItem\",\"position\":2,\"name\":\"Azienda\",\"item\":\"https:\/\/www.inter-med.it\/it\/azienda\/\"},{\"@type\":\"ListItem\",\"position\":3,\"name\":\"Chi siamo\"}]},{\"@type\":\"WebSite\",\"@id\":\"https:\/\/www.inter-med.it\/#website\",\"url\":\"https:\/\/www.inter-med.it\/\",\"name\":\"INTERMEDICAL\",\"description\":\"X-ray medical equipment\",\"potentialAction\":[{\"@type\":\"SearchAction\",\"target\":{\"@type\":\"EntryPoint\",\"urlTemplate\":\"https:\/\/www.inter-med.it\/?s={search_term_string}\"},\"query-input\":\"required name=search_term_string\"}],\"inLanguage\":\"it-IT\"}]}<\/script>\n<!-- \/ Yoast SEO plugin. -->","yoast_head_json":{"title":"Chi siamo - INTERMEDICAL","robots":{"index":"index","follow":"follow","max-snippet":"max-snippet:-1","max-image-preview":"max-image-preview:large","max-video-preview":"max-video-preview:-1"},"canonical":"https:\/\/www.inter-med.it\/it\/azienda\/chi-siamo\/","og_locale":"it_IT","og_type":"article","og_title":"Chi siamo - INTERMEDICAL","og_description":"AziendaINTERMEDICAL S.r.l. appartiene al gruppo I.M.D., creatosi dall'unione di due aziende presenti nel mercato da pi\u00f9 di venti anni, beneficiando della loro esperienza e conoscenza nel campo della Radiologia. INTERMEDICAL distribuisce le proprie apparecchiature, sviluppate e prodotte in ITALIA ricercando le soluzioni tecnologiche pi\u00f9 innovative, grazie ad una rete capillare di distribuzione internazionale. Si avvale [&hellip;]","og_url":"https:\/\/www.inter-med.it\/it\/azienda\/chi-siamo\/","og_site_name":"INTERMEDICAL","article_modified_time":"2023-12-04T08:24:22+00:00","twitter_card":"summary_large_image","twitter_misc":{"Tempo di lettura stimato":"3 minuti"},"schema":{"@context":"https:\/\/schema.org","@graph":[{"@type":"WebPage","@id":"https:\/\/www.inter-med.it\/it\/azienda\/chi-siamo\/","url":"https:\/\/www.inter-med.it\/it\/azienda\/chi-siamo\/","name":"Chi siamo - INTERMEDICAL","isPartOf":{"@id":"https:\/\/www.inter-med.it\/#website"},"datePublished":"2021-12-06T09:03:04+00:00","dateModified":"2023-12-04T08:24:22+00:00","breadcrumb":{"@id":"https:\/\/www.inter-med.it\/it\/azienda\/chi-siamo\/#breadcrumb"},"inLanguage":"it-IT","potentialAction":[{"@type":"ReadAction","target":["https:\/\/www.inter-med.it\/it\/azienda\/chi-siamo\/"]}]},{"@type":"BreadcrumbList","@id":"https:\/\/www.inter-med.it\/it\/azienda\/chi-siamo\/#breadcrumb","itemListElement":[{"@type":"ListItem","position":1,"name":"Home","item":"https:\/\/www.inter-med.it\/it\/"},{"@type":"ListItem","position":2,"name":"Azienda","item":"https:\/\/www.inter-med.it\/it\/azienda\/"},{"@type":"ListItem","position":3,"name":"Chi siamo"}]},{"@type":"WebSite","@id":"https:\/\/www.inter-med.it\/#website","url":"https:\/\/www.inter-med.it\/","name":"INTERMEDICAL","description":"X-ray medical equipment","potentialAction":[{"@type":"SearchAction","target":{"@type":"EntryPoint","urlTemplate":"https:\/\/www.inter-med.it\/?s={search_term_string}"},"query-input":"required name=search_term_string"}],"inLanguage":"it-IT"}]}},"_links":{"self":[{"href":"https:\/\/www.inter-med.it\/it\/wp-json\/wp\/v2\/pages\/14365"}],"collection":[{"href":"https:\/\/www.inter-med.it\/it\/wp-json\/wp\/v2\/pages"}],"about":[{"href":"https:\/\/www.inter-med.it\/it\/wp-json\/wp\/v2\/types\/page"}],"author":[{"embeddable":true,"href":"https:\/\/www.inter-med.it\/it\/wp-json\/wp\/v2\/users\/1"}],"replies":[{"embeddable":true,"href":"https:\/\/www.inter-med.it\/it\/wp-json\/wp\/v2\/comments?post=14365"}],"version-history":[{"count":2,"href":"https:\/\/www.inter-med.it\/it\/wp-json\/wp\/v2\/pages\/14365\/revisions"}],"predecessor-version":[{"id":14369,"href":"https:\/\/www.inter-med.it\/it\/wp-json\/wp\/v2\/pages\/14365\/revisions\/14369"}],"up":[{"embeddable":true,"href":"https:\/\/www.inter-med.it\/it\/wp-json\/wp\/v2\/pages\/14361"}],"wp:attachment":[{"href":"https:\/\/www.inter-med.it\/it\/wp-json\/wp\/v2\/media?parent=14365"}],"wp:term":[{"taxonomy":"category","embeddable":true,"href":"https:\/\/www.inter-med.it\/it\/wp-json\/wp\/v2\/categories?post=14365"},{"taxonomy":"post_tag","embeddable":true,"href":"https:\/\/www.inter-med.it\/it\/wp-json\/wp\/v2\/tags?post=14365"}],"curies":[{"name":"wp","href":"https:\/\/api.w.org\/{rel}","templated":true}]}}